{"id":303,"date":"2019-07-12T10:00:31","date_gmt":"2019-07-12T10:00:31","guid":{"rendered":"http:\/\/www.yle.ee\/kontakt\/"},"modified":"2024-05-10T08:52:37","modified_gmt":"2024-05-10T06:52:37","slug":"contact-us","status":"publish","type":"page","link":"https:\/\/yle.ee\/en\/contact-us\/","title":{"rendered":"Contact Us"},"content":{"rendered":"\n<div class=\"wpcf7 no-js\" id=\"wpcf7-f87-o1\" lang=\"et\" dir=\"ltr\" data-wpcf7-id=\"87\">\n<div class=\"screen-reader-response\"><p role=\"status\" aria-live=\"polite\" aria-atomic=\"true\"><\/p> <ul><\/ul><\/div>\n<form action=\"\/en\/wp-json\/wp\/v2\/pages\/303#wpcf7-f87-o1\" method=\"post\" class=\"wpcf7-form init\" aria-label=\"Contact form\" novalidate=\"novalidate\" data-status=\"init\">\n<fieldset class=\"hidden-fields-container\"><input type=\"hidden\" name=\"_wpcf7\" value=\"87\" \/><input type=\"hidden\" name=\"_wpcf7_version\" value=\"6.1.5\" \/><input type=\"hidden\" name=\"_wpcf7_locale\" value=\"et\" \/><input type=\"hidden\" name=\"_wpcf7_unit_tag\" value=\"wpcf7-f87-o1\" \/><input type=\"hidden\" name=\"_wpcf7_container_post\" value=\"0\" \/><input type=\"hidden\" name=\"_wpcf7_posted_data_hash\" value=\"\" \/><input type=\"hidden\" name=\"_wpcf7_recaptcha_response\" value=\"\" \/>\n<\/fieldset>\n<div class=\"half-form first-col-form\">\n\t<p><label><span class=\"wpcf7-form-control-wrap\" data-name=\"email\"><input size=\"40\" maxlength=\"400\" class=\"wpcf7-form-control wpcf7-email wpcf7-validates-as-required wpcf7-text wpcf7-validates-as-email\" aria-required=\"true\" aria-invalid=\"false\" placeholder=\"Sinu e-mail\" value=\"\" type=\"email\" name=\"email\" \/><\/span><\/label>\n\t<\/p>\n<\/div>\n<div class=\"half-form second-col-form\">\n\t<p><label><span class=\"wpcf7-form-control-wrap\" data-name=\"kogus\"><input size=\"40\" maxlength=\"400\" class=\"wpcf7-form-control wpcf7-text wpcf7-validates-as-required\" aria-required=\"true\" aria-invalid=\"false\" placeholder=\"Kogus\" value=\"\" type=\"text\" name=\"kogus\" \/><\/span><\/label>\n\t<\/p>\n<\/div>\n<div class=\"full-form send-btn\">\n\t<p><input class=\"wpcf7-form-control wpcf7-submit has-spinner\" type=\"submit\" value=\"K\u00fcsi hinnapakkumist\" \/>\n\t<\/p>\n<\/div><div class=\"wpcf7-response-output\" aria-hidden=\"true\"><\/div>\n<\/form>\n<\/div>\n\n","protected":false},"excerpt":{"rendered":"","protected":false},"author":1,"featured_media":0,"parent":0,"menu_order":0,"comment_status":"closed","ping_status":"closed","template":"contact.php","meta":{"_acf_changed":false,"footnotes":""},"class_list":["post-303","page","type-page","status-publish","hentry"],"acf":[],"yoast_head":"<!-- This site is optimized with the Yoast SEO plugin v27.5 - https:\/\/yoast.com\/product\/yoast-seo-wordpress\/ -->\n<title>Contact us<\/title>\n<meta name=\"description\" content=\"Contact Us\" \/>\n<meta name=\"robots\" content=\"index, follow, max-snippet:-1, max-image-preview:large, max-video-preview:-1\" \/>\n<link rel=\"canonical\" href=\"https:\/\/yle.ee\/en\/contact-us\/\" \/>\n<meta property=\"og:locale\" content=\"en_US\" \/>\n<meta property=\"og:type\" content=\"article\" \/>\n<meta property=\"og:title\" content=\"Contact us\" \/>\n<meta property=\"og:description\" content=\"Contact Us\" \/>\n<meta property=\"og:url\" content=\"https:\/\/yle.ee\/en\/contact-us\/\" \/>\n<meta property=\"og:site_name\" content=\"O\u00dc \u00dcLE\" \/>\n<meta property=\"article:modified_time\" content=\"2024-05-10T06:52:37+00:00\" \/>\n<meta name=\"twitter:card\" content=\"summary_large_image\" \/>\n<meta name=\"twitter:label1\" content=\"Est. reading time\" \/>\n\t<meta name=\"twitter:data1\" content=\"1 minute\" \/>\n<script type=\"application\/ld+json\" class=\"yoast-schema-graph\">{\"@context\":\"https:\\\/\\\/schema.org\",\"@graph\":[{\"@type\":\"WebPage\",\"@id\":\"https:\\\/\\\/yle.ee\\\/en\\\/contact-us\\\/\",\"url\":\"https:\\\/\\\/yle.ee\\\/en\\\/contact-us\\\/\",\"name\":\"Contact us\",\"isPartOf\":{\"@id\":\"https:\\\/\\\/yle.ee\\\/#website\"},\"datePublished\":\"2019-07-12T10:00:31+00:00\",\"dateModified\":\"2024-05-10T06:52:37+00:00\",\"description\":\"Contact Us\",\"breadcrumb\":{\"@id\":\"https:\\\/\\\/yle.ee\\\/en\\\/contact-us\\\/#breadcrumb\"},\"inLanguage\":\"en-US\",\"potentialAction\":[{\"@type\":\"ReadAction\",\"target\":[\"https:\\\/\\\/yle.ee\\\/en\\\/contact-us\\\/\"]}]},{\"@type\":\"BreadcrumbList\",\"@id\":\"https:\\\/\\\/yle.ee\\\/en\\\/contact-us\\\/#breadcrumb\",\"itemListElement\":[{\"@type\":\"ListItem\",\"position\":1,\"name\":\"Home\",\"item\":\"https:\\\/\\\/yle.ee\\\/en\\\/\"},{\"@type\":\"ListItem\",\"position\":2,\"name\":\"Contact Us\"}]},{\"@type\":\"WebSite\",\"@id\":\"https:\\\/\\\/yle.ee\\\/#website\",\"url\":\"https:\\\/\\\/yle.ee\\\/\",\"name\":\"O\u00dc \u00dcLE\",\"description\":\"Firma \u00dcLE loodi 1990. aastal esimeste teede alal tegutsevate eraettev\u00f5tete seas Eestis. Oma p\u00f5hitegevuseks peame teede pindamist ja korrashoidu.\",\"publisher\":{\"@id\":\"https:\\\/\\\/yle.ee\\\/#organization\"},\"potentialAction\":[{\"@type\":\"SearchAction\",\"target\":{\"@type\":\"EntryPoint\",\"urlTemplate\":\"https:\\\/\\\/yle.ee\\\/?s={search_term_string}\"},\"query-input\":{\"@type\":\"PropertyValueSpecification\",\"valueRequired\":true,\"valueName\":\"search_term_string\"}}],\"inLanguage\":\"en-US\"},{\"@type\":\"Organization\",\"@id\":\"https:\\\/\\\/yle.ee\\\/#organization\",\"name\":\"O\u00dc \u00dcLE\",\"url\":\"https:\\\/\\\/yle.ee\\\/\",\"logo\":{\"@type\":\"ImageObject\",\"inLanguage\":\"en-US\",\"@id\":\"https:\\\/\\\/yle.ee\\\/#\\\/schema\\\/logo\\\/image\\\/\",\"url\":\"https:\\\/\\\/www.yle.ee\\\/wp-content\\\/uploads\\\/2019\\\/07\\\/yle.png\",\"contentUrl\":\"https:\\\/\\\/www.yle.ee\\\/wp-content\\\/uploads\\\/2019\\\/07\\\/yle.png\",\"width\":620,\"height\":620,\"caption\":\"O\u00dc \u00dcLE\"},\"image\":{\"@id\":\"https:\\\/\\\/yle.ee\\\/#\\\/schema\\\/logo\\\/image\\\/\"}}]}<\/script>\n<!-- \/ Yoast SEO plugin. -->","yoast_head_json":{"title":"Contact us","description":"Contact Us","robots":{"index":"index","follow":"follow","max-snippet":"max-snippet:-1","max-image-preview":"max-image-preview:large","max-video-preview":"max-video-preview:-1"},"canonical":"https:\/\/yle.ee\/en\/contact-us\/","og_locale":"en_US","og_type":"article","og_title":"Contact us","og_description":"Contact Us","og_url":"https:\/\/yle.ee\/en\/contact-us\/","og_site_name":"O\u00dc \u00dcLE","article_modified_time":"2024-05-10T06:52:37+00:00","twitter_card":"summary_large_image","twitter_misc":{"Est. reading time":"1 minute"},"schema":{"@context":"https:\/\/schema.org","@graph":[{"@type":"WebPage","@id":"https:\/\/yle.ee\/en\/contact-us\/","url":"https:\/\/yle.ee\/en\/contact-us\/","name":"Contact us","isPartOf":{"@id":"https:\/\/yle.ee\/#website"},"datePublished":"2019-07-12T10:00:31+00:00","dateModified":"2024-05-10T06:52:37+00:00","description":"Contact Us","breadcrumb":{"@id":"https:\/\/yle.ee\/en\/contact-us\/#breadcrumb"},"inLanguage":"en-US","potentialAction":[{"@type":"ReadAction","target":["https:\/\/yle.ee\/en\/contact-us\/"]}]},{"@type":"BreadcrumbList","@id":"https:\/\/yle.ee\/en\/contact-us\/#breadcrumb","itemListElement":[{"@type":"ListItem","position":1,"name":"Home","item":"https:\/\/yle.ee\/en\/"},{"@type":"ListItem","position":2,"name":"Contact Us"}]},{"@type":"WebSite","@id":"https:\/\/yle.ee\/#website","url":"https:\/\/yle.ee\/","name":"O\u00dc \u00dcLE","description":"Firma \u00dcLE loodi 1990. aastal esimeste teede alal tegutsevate eraettev\u00f5tete seas Eestis. Oma p\u00f5hitegevuseks peame teede pindamist ja korrashoidu.","publisher":{"@id":"https:\/\/yle.ee\/#organization"},"potentialAction":[{"@type":"SearchAction","target":{"@type":"EntryPoint","urlTemplate":"https:\/\/yle.ee\/?s={search_term_string}"},"query-input":{"@type":"PropertyValueSpecification","valueRequired":true,"valueName":"search_term_string"}}],"inLanguage":"en-US"},{"@type":"Organization","@id":"https:\/\/yle.ee\/#organization","name":"O\u00dc \u00dcLE","url":"https:\/\/yle.ee\/","logo":{"@type":"ImageObject","inLanguage":"en-US","@id":"https:\/\/yle.ee\/#\/schema\/logo\/image\/","url":"https:\/\/www.yle.ee\/wp-content\/uploads\/2019\/07\/yle.png","contentUrl":"https:\/\/www.yle.ee\/wp-content\/uploads\/2019\/07\/yle.png","width":620,"height":620,"caption":"O\u00dc \u00dcLE"},"image":{"@id":"https:\/\/yle.ee\/#\/schema\/logo\/image\/"}}]}},"_links":{"self":[{"href":"https:\/\/yle.ee\/en\/wp-json\/wp\/v2\/pages\/303","targetHints":{"allow":["GET"]}}],"collection":[{"href":"https:\/\/yle.ee\/en\/wp-json\/wp\/v2\/pages"}],"about":[{"href":"https:\/\/yle.ee\/en\/wp-json\/wp\/v2\/types\/page"}],"author":[{"embeddable":true,"href":"https:\/\/yle.ee\/en\/wp-json\/wp\/v2\/users\/1"}],"replies":[{"embeddable":true,"href":"https:\/\/yle.ee\/en\/wp-json\/wp\/v2\/comments?post=303"}],"version-history":[{"count":42,"href":"https:\/\/yle.ee\/en\/wp-json\/wp\/v2\/pages\/303\/revisions"}],"predecessor-version":[{"id":1395,"href":"https:\/\/yle.ee\/en\/wp-json\/wp\/v2\/pages\/303\/revisions\/1395"}],"wp:attachment":[{"href":"https:\/\/yle.ee\/en\/wp-json\/wp\/v2\/media?parent=303"}],"curies":[{"name":"wp","href":"https:\/\/api.w.org\/{rel}","templated":true}]}}